{"id":565,"date":"2026-01-13T10:13:31","date_gmt":"2026-01-13T10:13:31","guid":{"rendered":"https:\/\/techpol.com.tr\/?page_id=565"},"modified":"2026-04-08T10:58:26","modified_gmt":"2026-04-08T10:58:26","slug":"dokumanlarimiz","status":"publish","type":"page","link":"https:\/\/techpol.com.tr\/index.php\/dokumanlarimiz\/","title":{"rendered":"D\u00f6k\u00fcmanlar\u0131m\u0131z"},"content":{"rendered":"\t\t<div data-elementor-type=\"wp-page\" data-elementor-id=\"565\" class=\"elementor elementor-565\" data-elementor-post-type=\"page\">\n\t\t\t\t<div class=\"elementor-element elementor-element-8af8496 e-flex e-con-boxed e-con e-parent\" data-id=\"8af8496\" data-element_type=\"container\" data-settings=\"{&quot;background_background&quot;:&quot;classic&quot;}\">\n\t\t\t\t\t<div class=\"e-con-inner\">\n\t\t<div class=\"elementor-element elementor-element-26fc41e e-con-full e-flex e-con e-child\" data-id=\"26fc41e\" data-element_type=\"container\">\n\t\t\t\t<div class=\"elementor-element elementor-element-345a993 elementor-widget__width-auto elementor-invisible elementor-widget elementor-widget-heading\" data-id=\"345a993\" data-element_type=\"widget\" data-settings=\"{&quot;_animation&quot;:&quot;fadeInLeft&quot;}\" data-widget_type=\"heading.default\">\n\t\t\t\t\t<h2 class=\"elementor-heading-title elementor-size-default\">D\u00f6k\u00fcmanlar\u0131m\u0131z<\/h2>\t\t\t\t<\/div>\n\t\t\t\t<\/div>\n\t\t\t\t\t<\/div>\n\t\t\t\t<\/div>\n\t\t<div class=\"elementor-element elementor-element-30531c6 e-flex e-con-boxed e-con e-parent\" data-id=\"30531c6\" data-element_type=\"container\">\n\t\t\t\t\t<div class=\"e-con-inner\">\n\t\t\t\t<div class=\"elementor-element elementor-element-a6af564 elementor-widget elementor-widget-html\" data-id=\"a6af564\" data-element_type=\"widget\" data-widget_type=\"html.default\">\n\t\t\t\t\t<iframe src=\"https:\/\/player.flipsnack.com?hash=RTZCODk2QUE5RjcrMW41b2xmbnpobQ==\" width=\"100%\" height=\"480\" seamless=\"seamless\" scrolling=\"no\" frameBorder=\"0\" allowFullScreen allow=\"autoplay; clipboard-read; clipboard-write\"><\/iframe>\t\t\t\t<\/div>\n\t\t\t\t\t<\/div>\n\t\t\t\t<\/div>\n\t\t<div class=\"elementor-element elementor-element-ec09131 e-flex e-con-boxed e-con e-parent\" data-id=\"ec09131\" data-element_type=\"container\">\n\t\t\t\t\t<div class=\"e-con-inner\">\n\t\t<div class=\"elementor-element elementor-element-14eb2fa e-con-full e-flex e-con e-child\" data-id=\"14eb2fa\" data-element_type=\"container\">\n\t\t\t\t<div class=\"elementor-element elementor-element-d9a8bea elementor-widget elementor-widget-image\" data-id=\"d9a8bea\" data-element_type=\"widget\" data-widget_type=\"image.default\">\n\t\t\t\t\t\t\t\t\t\t\t\t\t\t\t\t<a href=\"https:\/\/techpol.com.tr\/wp-content\/uploads\/2026\/03\/Techpol-Brosur-TR-ENG.pdf\">\n\t\t\t\t\t\t\t<img fetchpriority=\"high\" decoding=\"async\" width=\"800\" height=\"566\" src=\"https:\/\/techpol.com.tr\/wp-content\/uploads\/2026\/01\/techpol-dokuman-cover-1024x725.jpg\" class=\"attachment-large size-large wp-image-566\" alt=\"\" srcset=\"https:\/\/techpol.com.tr\/wp-content\/uploads\/2026\/01\/techpol-dokuman-cover-1024x725.jpg 1024w, https:\/\/techpol.com.tr\/wp-content\/uploads\/2026\/01\/techpol-dokuman-cover-300x212.jpg 300w, https:\/\/techpol.com.tr\/wp-content\/uploads\/2026\/01\/techpol-dokuman-cover-768x544.jpg 768w, https:\/\/techpol.com.tr\/wp-content\/uploads\/2026\/01\/techpol-dokuman-cover-1536x1087.jpg 1536w, https:\/\/techpol.com.tr\/wp-content\/uploads\/2026\/01\/techpol-dokuman-cover-2048x1450.jpg 2048w\" sizes=\"(max-width: 800px) 100vw, 800px\" \/>\t\t\t\t\t\t\t\t<\/a>\n\t\t\t\t\t\t\t\t\t\t\t\t\t\t\t<\/div>\n\t\t\t\t<div class=\"elementor-element elementor-element-63a133e elementor-widget elementor-widget-heading\" data-id=\"63a133e\" data-element_type=\"widget\" data-widget_type=\"heading.default\">\n\t\t\t\t\t<h2 class=\"elementor-heading-title elementor-size-default\"><a href=\"https:\/\/techpol.com.tr\/wp-content\/uploads\/2026\/01\/Techpol-Brochure-TR-ENG.pdf\">TR \/ ENG<\/a><\/h2>\t\t\t\t<\/div>\n\t\t\t\t<\/div>\n\t\t<div class=\"elementor-element elementor-element-81ed359 e-con-full e-flex e-con e-child\" data-id=\"81ed359\" data-element_type=\"container\">\n\t\t\t\t<div class=\"elementor-element elementor-element-4701e28 elementor-widget elementor-widget-image\" data-id=\"4701e28\" data-element_type=\"widget\" data-widget_type=\"image.default\">\n\t\t\t\t\t\t\t\t\t\t\t\t\t\t\t\t<a href=\"https:\/\/techpol.com.tr\/wp-content\/uploads\/2026\/03\/Techpol-Brochure-RUS-ENG.pdf\">\n\t\t\t\t\t\t\t<img fetchpriority=\"high\" decoding=\"async\" width=\"800\" height=\"566\" src=\"https:\/\/techpol.com.tr\/wp-content\/uploads\/2026\/01\/techpol-dokuman-cover-1024x725.jpg\" class=\"attachment-large size-large wp-image-566\" alt=\"\" srcset=\"https:\/\/techpol.com.tr\/wp-content\/uploads\/2026\/01\/techpol-dokuman-cover-1024x725.jpg 1024w, https:\/\/techpol.com.tr\/wp-content\/uploads\/2026\/01\/techpol-dokuman-cover-300x212.jpg 300w, https:\/\/techpol.com.tr\/wp-content\/uploads\/2026\/01\/techpol-dokuman-cover-768x544.jpg 768w, https:\/\/techpol.com.tr\/wp-content\/uploads\/2026\/01\/techpol-dokuman-cover-1536x1087.jpg 1536w, https:\/\/techpol.com.tr\/wp-content\/uploads\/2026\/01\/techpol-dokuman-cover-2048x1450.jpg 2048w\" sizes=\"(max-width: 800px) 100vw, 800px\" \/>\t\t\t\t\t\t\t\t<\/a>\n\t\t\t\t\t\t\t\t\t\t\t\t\t\t\t<\/div>\n\t\t\t\t<div class=\"elementor-element elementor-element-dabf7a4 elementor-widget elementor-widget-heading\" data-id=\"dabf7a4\" data-element_type=\"widget\" data-widget_type=\"heading.default\">\n\t\t\t\t\t<h2 class=\"elementor-heading-title elementor-size-default\"><a href=\"https:\/\/techpol.com.tr\/wp-content\/uploads\/2026\/01\/Techpol-Brochure-RUS-ENG.pdf\">RUS \/ ENG<\/a><\/h2>\t\t\t\t<\/div>\n\t\t\t\t<\/div>\n\t\t<div class=\"elementor-element elementor-element-2525893 e-con-full e-flex e-con e-child\" data-id=\"2525893\" data-element_type=\"container\">\n\t\t\t\t<div class=\"elementor-element elementor-element-b9802c9 elementor-widget elementor-widget-image\" data-id=\"b9802c9\" data-element_type=\"widget\" data-widget_type=\"image.default\">\n\t\t\t\t\t\t\t\t\t\t\t\t\t\t\t\t<a href=\"https:\/\/techpol.com.tr\/wp-content\/uploads\/2026\/03\/Techpol-Brochure-FR-ENG.pdf\">\n\t\t\t\t\t\t\t<img fetchpriority=\"high\" decoding=\"async\" width=\"800\" height=\"566\" src=\"https:\/\/techpol.com.tr\/wp-content\/uploads\/2026\/01\/techpol-dokuman-cover-1024x725.jpg\" class=\"attachment-large size-large wp-image-566\" alt=\"\" srcset=\"https:\/\/techpol.com.tr\/wp-content\/uploads\/2026\/01\/techpol-dokuman-cover-1024x725.jpg 1024w, https:\/\/techpol.com.tr\/wp-content\/uploads\/2026\/01\/techpol-dokuman-cover-300x212.jpg 300w, https:\/\/techpol.com.tr\/wp-content\/uploads\/2026\/01\/techpol-dokuman-cover-768x544.jpg 768w, https:\/\/techpol.com.tr\/wp-content\/uploads\/2026\/01\/techpol-dokuman-cover-1536x1087.jpg 1536w, https:\/\/techpol.com.tr\/wp-content\/uploads\/2026\/01\/techpol-dokuman-cover-2048x1450.jpg 2048w\" sizes=\"(max-width: 800px) 100vw, 800px\" \/>\t\t\t\t\t\t\t\t<\/a>\n\t\t\t\t\t\t\t\t\t\t\t\t\t\t\t<\/div>\n\t\t\t\t<div class=\"elementor-element elementor-element-f392e30 elementor-widget elementor-widget-heading\" data-id=\"f392e30\" data-element_type=\"widget\" data-widget_type=\"heading.default\">\n\t\t\t\t\t<h2 class=\"elementor-heading-title elementor-size-default\"><a href=\"https:\/\/techpol.com.tr\/wp-content\/uploads\/2026\/01\/Techpol-Brochure-FR-ENG.pdf\">FR \/ ENG<\/a><\/h2>\t\t\t\t<\/div>\n\t\t\t\t<\/div>\n\t\t\t\t\t<\/div>\n\t\t\t\t<\/div>\n\t\t\t\t<\/div>\n\t\t","protected":false},"excerpt":{"rendered":"<p>TR \/ ENG RUS \/ ENG FR \/ ENG<\/p>\n","protected":false},"author":1,"featured_media":0,"parent":0,"menu_order":0,"comment_status":"closed","ping_status":"closed","template":"elementor_header_footer","meta":{"footnotes":""},"class_list":["post-565","page","type-page","status-publish","hentry"],"_links":{"self":[{"href":"https:\/\/techpol.com.tr\/index.php\/wp-json\/wp\/v2\/pages\/565","targetHints":{"allow":["GET"]}}],"collection":[{"href":"https:\/\/techpol.com.tr\/index.php\/wp-json\/wp\/v2\/pages"}],"about":[{"href":"https:\/\/techpol.com.tr\/index.php\/wp-json\/wp\/v2\/types\/page"}],"author":[{"embeddable":true,"href":"https:\/\/techpol.com.tr\/index.php\/wp-json\/wp\/v2\/users\/1"}],"replies":[{"embeddable":true,"href":"https:\/\/techpol.com.tr\/index.php\/wp-json\/wp\/v2\/comments?post=565"}],"version-history":[{"count":30,"href":"https:\/\/techpol.com.tr\/index.php\/wp-json\/wp\/v2\/pages\/565\/revisions"}],"predecessor-version":[{"id":919,"href":"https:\/\/techpol.com.tr\/index.php\/wp-json\/wp\/v2\/pages\/565\/revisions\/919"}],"wp:attachment":[{"href":"https:\/\/techpol.com.tr\/index.php\/wp-json\/wp\/v2\/media?parent=565"}],"curies":[{"name":"wp","href":"https:\/\/api.w.org\/{rel}","templated":true}]}}