{"id":747,"date":"2026-04-06T10:31:52","date_gmt":"2026-04-06T10:31:52","guid":{"rendered":"https:\/\/techpol.com.tr\/?page_id=747"},"modified":"2026-04-13T15:00:48","modified_gmt":"2026-04-13T15:00:48","slug":"aluminyum-kapi-ve-kapak","status":"publish","type":"page","link":"https:\/\/techpol.com.tr\/index.php\/aluminyum-kapi-ve-kapak\/","title":{"rendered":"Al\u00fcminyum Kap\u0131 ve Kapak"},"content":{"rendered":"\t\t<div data-elementor-type=\"wp-page\" data-elementor-id=\"747\" class=\"elementor elementor-747\" data-elementor-post-type=\"page\">\n\t\t\t\t<div class=\"elementor-element elementor-element-2e29771 e-flex e-con-boxed e-con e-parent\" data-id=\"2e29771\" data-element_type=\"container\" data-settings=\"{&quot;background_background&quot;:&quot;classic&quot;}\">\n\t\t\t\t\t<div class=\"e-con-inner\">\n\t\t<div class=\"elementor-element elementor-element-3676da6 e-con-full e-flex e-con e-child\" data-id=\"3676da6\" data-element_type=\"container\">\n\t\t\t\t<div class=\"elementor-element elementor-element-3c55f44 elementor-widget__width-auto elementor-invisible elementor-widget elementor-widget-heading\" data-id=\"3c55f44\" data-element_type=\"widget\" data-settings=\"{&quot;_animation&quot;:&quot;fadeInLeft&quot;}\" data-widget_type=\"heading.default\">\n\t\t\t\t\t<h2 class=\"elementor-heading-title elementor-size-default\">Al\u00fcminyum Kap\u0131 ve Kapak<\/h2>\t\t\t\t<\/div>\n\t\t\t\t<\/div>\n\t\t\t\t\t<\/div>\n\t\t\t\t<\/div>\n\t\t<div class=\"elementor-element elementor-element-4eba4eb e-flex e-con-boxed e-con e-parent\" data-id=\"4eba4eb\" data-element_type=\"container\" data-settings=\"{&quot;background_background&quot;:&quot;classic&quot;}\">\n\t\t\t\t\t<div class=\"e-con-inner\">\n\t\t<div class=\"elementor-element elementor-element-22c110a e-con-full e-flex e-con e-child\" data-id=\"22c110a\" data-element_type=\"container\" data-settings=\"{&quot;animation&quot;:&quot;none&quot;}\">\n\t\t\t\t<div class=\"elementor-element elementor-element-bbdc222 elementor-invisible elementor-widget elementor-widget-heading\" data-id=\"bbdc222\" data-element_type=\"widget\" data-settings=\"{&quot;_animation&quot;:&quot;fadeInLeft&quot;}\" data-widget_type=\"heading.default\">\n\t\t\t\t\t<h2 class=\"elementor-heading-title elementor-size-default\">Al\u00fcminyum Kap\u0131 ve Kapak\n<\/h2>\t\t\t\t<\/div>\n\t\t\t\t<\/div>\n\t\t<div class=\"elementor-element elementor-element-46028f6 e-grid e-con-full e-con e-child\" data-id=\"46028f6\" data-element_type=\"container\">\n\t\t\t\t<div class=\"elementor-element elementor-element-770cbf0 elementor-cta--skin-classic elementor-animated-content elementor-bg-transform elementor-bg-transform-zoom-in elementor-widget elementor-widget-call-to-action\" data-id=\"770cbf0\" data-element_type=\"widget\" data-widget_type=\"call-to-action.default\">\n\t\t\t\t\t\t\t<div class=\"elementor-cta\">\n\t\t\t\t\t<div class=\"elementor-cta__bg-wrapper\">\n\t\t\t\t<div class=\"elementor-cta__bg elementor-bg\" style=\"background-image: url(https:\/\/techpol.com.tr\/wp-content\/uploads\/2026\/04\/adsfsaef-1.jpg);\" role=\"img\" aria-label=\"adsfsaef\"><\/div>\n\t\t\t\t<div class=\"elementor-cta__bg-overlay\"><\/div>\n\t\t\t<\/div>\n\t\t\t\t\t\t\t<div class=\"elementor-cta__content\">\n\t\t\t\t\n\t\t\t\t\t\t\t\t\t<div class=\"elementor-cta__title elementor-cta__content-item elementor-content-item\">\n\t\t\t\t\t\tAl\u00fcminyum Kap\u0131\t\t\t\t\t<\/div>\n\t\t\t\t\n\t\t\t\t\n\t\t\t\t\t\t\t<\/div>\n\t\t\t\t\t\t<\/div>\n\t\t\t\t\t\t<\/div>\n\t\t\t\t<div class=\"elementor-element elementor-element-4d21bef elementor-cta--skin-classic elementor-animated-content elementor-bg-transform elementor-bg-transform-zoom-in elementor-widget elementor-widget-call-to-action\" data-id=\"4d21bef\" data-element_type=\"widget\" data-widget_type=\"call-to-action.default\">\n\t\t\t\t\t\t\t<div class=\"elementor-cta\">\n\t\t\t\t\t<div class=\"elementor-cta__bg-wrapper\">\n\t\t\t\t<div class=\"elementor-cta__bg elementor-bg\" style=\"background-image: url(https:\/\/techpol.com.tr\/wp-content\/uploads\/2026\/04\/asdgfasdfs-2.jpg);\" role=\"img\" aria-label=\"asdgfasdfs\"><\/div>\n\t\t\t\t<div class=\"elementor-cta__bg-overlay\"><\/div>\n\t\t\t<\/div>\n\t\t\t\t\t\t\t<div class=\"elementor-cta__content\">\n\t\t\t\t\n\t\t\t\t\t\t\t\t\t<h2 class=\"elementor-cta__title elementor-cta__content-item elementor-content-item\">\n\t\t\t\t\t\tAl\u00fcminyum Kapak\t\t\t\t\t<\/h2>\n\t\t\t\t\n\t\t\t\t\n\t\t\t\t\t\t\t<\/div>\n\t\t\t\t\t\t<\/div>\n\t\t\t\t\t\t<\/div>\n\t\t\t\t<\/div>\n\t\t\t\t\t<\/div>\n\t\t\t\t<\/div>\n\t\t\t\t<\/div>\n\t\t","protected":false},"excerpt":{"rendered":"<p>Al\u00fcminyum Kap\u0131 ve Kapak Al\u00fcminyum Kap\u0131 Al\u00fcminyum Kapak<\/p>\n","protected":false},"author":1,"featured_media":0,"parent":0,"menu_order":0,"comment_status":"closed","ping_status":"closed","template":"elementor_header_footer","meta":{"footnotes":""},"class_list":["post-747","page","type-page","status-publish","hentry"],"_links":{"self":[{"href":"https:\/\/techpol.com.tr\/index.php\/wp-json\/wp\/v2\/pages\/747","targetHints":{"allow":["GET"]}}],"collection":[{"href":"https:\/\/techpol.com.tr\/index.php\/wp-json\/wp\/v2\/pages"}],"about":[{"href":"https:\/\/techpol.com.tr\/index.php\/wp-json\/wp\/v2\/types\/page"}],"author":[{"embeddable":true,"href":"https:\/\/techpol.com.tr\/index.php\/wp-json\/wp\/v2\/users\/1"}],"replies":[{"embeddable":true,"href":"https:\/\/techpol.com.tr\/index.php\/wp-json\/wp\/v2\/comments?post=747"}],"version-history":[{"count":18,"href":"https:\/\/techpol.com.tr\/index.php\/wp-json\/wp\/v2\/pages\/747\/revisions"}],"predecessor-version":[{"id":1028,"href":"https:\/\/techpol.com.tr\/index.php\/wp-json\/wp\/v2\/pages\/747\/revisions\/1028"}],"wp:attachment":[{"href":"https:\/\/techpol.com.tr\/index.php\/wp-json\/wp\/v2\/media?parent=747"}],"curies":[{"name":"wp","href":"https:\/\/api.w.org\/{rel}","templated":true}]}}